{"id":945,"date":"2015-07-17T14:05:12","date_gmt":"2015-07-17T14:05:12","guid":{"rendered":"https:\/\/museusolsona.cat\/?page_id=945"},"modified":"2026-04-17T09:39:49","modified_gmt":"2026-04-17T09:39:49","slug":"publicacions-2","status":"publish","type":"page","link":"https:\/\/museusolsona.cat\/en\/publicacions-2\/","title":{"rendered":"Publications"},"content":{"rendered":"<div id=\"pl-945\"  class=\"panel-layout\" ><div id=\"pg-945-0\"  class=\"panel-grid panel-no-style\" ><div id=\"pgc-945-0-0\"  class=\"panel-grid-cell\" ><div id=\"panel-945-0-0-0\" class=\"so-panel widget widget_sow-editor panel-first-child panel-last-child\" data-index=\"0\" ><div\n\t\t\t\n\t\t\tclass=\"so-widget-sow-editor so-widget-sow-editor-base\"\n\t\t\t\n\t\t>\n<div class=\"siteorigin-widget-tinymce textwidget\">\n\t<p><strong>ARQUEOLOGIA<\/strong><\/p>\n<p>&nbsp;<\/p>\n<ul>\n<li>2006.\u00a0<em>1r Col\u00b7loqui d\u2019Arqueologia d\u2019Od\u00e8n (el Solson\u00e8s). La prehist\u00f2ria avui en el Prepirineu lleidat\u00e0. <\/em>PVP: 15 \u20ac<br \/>\n<span style=\"color: #993300;\">Edici\u00f3 esgotada. Per a m\u00e9s informaci\u00f3, contacteu amb el Museu.<\/span><\/li>\n<\/ul>\n<p>&nbsp;<\/p>\n<ul>\n<li>2007.\u00a0<em>Obrir els ulls al m\u00e9s enll\u00e0. Pr\u00e0ctiques funer\u00e0ries prehist\u00f2riques a Castellar de la Ribera (Solson\u00e8s)<\/em>.<br \/>\n<span style=\"color: #993300;\">Edici\u00f3 esgotada. Per a m\u00e9s informaci\u00f3, contacteu amb el Museu.<\/span><\/li>\n<\/ul>\n<p>&nbsp;<\/p>\n<ul>\n<li>2010.\u00a0<em>2n Col\u00b7loqui d\u2019Arqueologia d\u2019Od\u00e8n (el Solson\u00e8s). Darreres investigacions al Prepirineu lleidat\u00e0. (2006-2008)<\/em>. PVP: 15 \u20ac<\/li>\n<\/ul>\n<p>&nbsp;<\/p>\n<ul>\n<li>2013.\u00a0<em>3r Col\u00b7loqui d\u2019Arqueologia d\u2019Od\u00e8n (el Solson\u00e8s). Darreres investigacions al Prepirineu lleidat\u00e0 (2009-2011)<\/em>. PVP: 15 \u20ac<\/li>\n<\/ul>\n<p>&nbsp;<\/p>\n<ul>\n<li>2020.\u00a0<em>La cista del Camp de la Bruna (Lladurs, el Solson\u00e8s). Un enterrament in\u00e8dit del neol\u00edtic mitj\u00e0<\/em>. PVP: 15 \u20ac.<br \/>\n<span style=\"color: #993300;\">*Edici\u00f3 esgotada; per a m\u00e9s informaci\u00f3, contacteu amb el Museu.<\/span><\/li>\n<\/ul>\n<p>&nbsp;<\/p>\n<ul>\n<li>2023.\u00a0<em>Jornada d\u2019Arqueologia. La \u201ccultura de Merl\u00e8s\u201d revisada. La transici\u00f3 entre els per\u00edodes del bronze final a la primera edat del ferro a la Catalunya Central i \u00e0rees ve\u00efnes<\/em>.<br \/>\n<span style=\"color: #993300;\"><a href=\"https:\/\/museusolsona.cat\/wp-content\/uploads\/2026\/03\/La-cultura-de-Merles.pdf\">Edici\u00f3 digital<\/a><\/span><\/li>\n<\/ul>\n<p>&nbsp;<\/p>\n<p>&nbsp;<\/p>\n<p><strong>ETNOGRAFIA<\/strong><\/p>\n<p>&nbsp;<\/p>\n<ul>\n<li>2007. <em>L\u2019ofici de Ganiveter<\/em> (DVD).<\/li>\n<\/ul>\n<p>&nbsp;<\/p>\n<ul>\n<li>2014.\u00a0<em>El C\u00e0nem, la planta dels mil usos<\/em>. Cat\u00e0leg de l'exposici\u00f3. PVP: 15 \u20ac<\/li>\n<\/ul>\n<p>&nbsp;<\/p>\n<ul>\n<li>2016.\u00a0<em>Vestir la moda. Modes de vestir a les terres de Lleida (segles XVIII-XX)<\/em>. Cat\u00e0leg de l'exposici\u00f3. PVP: 12 \u20ac<\/li>\n<\/ul>\n<p>&nbsp;<\/p>\n<p>&nbsp;<\/p>\n<p><strong>HIST\u00d2RIA DE L'ART<\/strong><\/p>\n<p>&nbsp;<\/p>\n<ul>\n<li>2011.\u00a0<em>Exvots. Els miracles del Miracle<\/em>. Cat\u00e0leg de l'exposici\u00f3. PVP: 25 \u20ac<\/li>\n<\/ul>\n<p>&nbsp;<\/p>\n<ul>\n<li>2015.\u00a0<em>Guia del Museu Dioces\u00e0 i Comarcal de Solsona<\/em>. PVP: 6 \u20ac<\/li>\n<\/ul>\n<p>&nbsp;<\/p>\n<ul>\n<li>2015.\u00a0<em>In Dubio pro Deo. Mil\u00b7lenari del Sant Dubte d\u2019Ivorra<\/em>. <em>1010-2010<\/em>. Cat\u00e0leg de l'exposici\u00f3. PVP: 20 \u20ac<\/li>\n<\/ul>\n<p>&nbsp;<\/p>\n<ul>\n<li>2015.\u00a0<em>La Vera Creu d\u2019Anglesola i els peregrinatges a Terra Santa<\/em>. Cat\u00e0leg de l'exposici\u00f3. PVP: 22 \u20ac<\/li>\n<\/ul>\n<p>&nbsp;<\/p>\n<ul>\n<li>2016.\u00a0<em>L\u2019arquitecte de cap\u00e7alera. Bernard\u00ed Martorell i Puig en el centenari del cementiri d\u2019Olius (1916-2016)<\/em>. Cat\u00e0leg de l'exposici\u00f3. PVP: 15 \u20ac<\/li>\n<\/ul>\n<p>&nbsp;<\/p>\n<ul>\n<li>2016.\u00a0<em>Sub Tuum Praesidium. La imatge de la Mare de D\u00e9u al bisbat de Solsona<\/em>. Cat\u00e0leg de l'exposici\u00f3. PVP: 12 \u20ac<\/li>\n<\/ul>\n<p>&nbsp;<\/p>\n<ul>\n<li>2018. En plein air<em>. Tom\u00e0s Boix, la pintura com a passi\u00f3 (1886-1951)<\/em>. Cat\u00e0leg de l'exposici\u00f3. PVP: 20 \u20ac.<br \/>\n<span style=\"color: #993300;\">Edici\u00f3 esgotada. Per a m\u00e9s informaci\u00f3, contacteu amb el museu<span style=\"font-size: 1.125rem;\">.<\/span><\/span><\/li>\n<\/ul>\n<p>&nbsp;<\/p>\n<ul>\n<li>2019.\u00a0<em>Alba. M\u00e9s de 400 anys d\u2019indument\u00e0ria lit\u00fargica a l\u2019Esgl\u00e9sia de Solsona<\/em>. Cat\u00e0leg de l'exposici\u00f3. PVP: 15 \u20ac<\/li>\n<\/ul>\n<p>&nbsp;<\/p>\n<ul>\n<li>2020.\u00a0<em>Visita pastoral. Guia<\/em>. PVP: 3 \u20ac<\/li>\n<\/ul>\n<p>&nbsp;<\/p>\n<ul>\n<li>2023.\u00a0<em>Cat\u00e0leg dels segles v \u2013 xv<\/em>. PVP: 45 \u20ac<\/li>\n<\/ul>\n<p>&nbsp;<\/p>\n<ul>\n<li>2025.\u00a0<em>Picasso. Territori i arts i tradicions populars catalanes<\/em>. Cat\u00e0leg de l'exposici\u00f3. PVP: 25 \u20ac<\/li>\n<\/ul>\n<p>&nbsp;<\/p>\n<ul>\n<li>2025. <em>Contra el Barroc. Un m\u00f3n en extinci\u00f3.\u00a0<\/em>Cat\u00e0leg de l'exposici\u00f3. PVP: 25 \u20ac<\/li>\n<\/ul>\n<p>&nbsp;<\/p>\n<p>&nbsp;<\/p>\n<p><strong>HIST\u00d2RIA<\/strong><\/p>\n<p>&nbsp;<\/p>\n<ul>\n<li>2014.\u00a0<em>1714. Commemoraci\u00f3 del Tricentenari de la Guerra de Successi\u00f3<\/em>. PVP: 20 \u20ac<\/li>\n<\/ul>\n<p>&nbsp;<\/p>\n<ul>\n<li>2017.\u00a0<em>Capellans erudits. Eclesi\u00e0stics al capdavant de l\u2019acci\u00f3 patrimonial, muse\u00edstica i de recerca historicoart\u00edstica a Catalunya al segle XX<\/em>. PVP: 15 \u20ac<\/li>\n<\/ul>\n<p>&nbsp;<\/p>\n<ul>\n<li>2020. <em>Aguaitant Solsona. Mem\u00f2ria gr\u00e0fica de la ciutat fins al 1927<\/em>. Cat\u00e0leg de l'exposici\u00f3. PVP: 45 \u20ac<\/li>\n<\/ul>\n<h4><\/h4>\n<h4><span style=\"color: #993300;\">Si us interessa adquirir alguna publicaci\u00f3, contacteu amb el Museu i us explicarem les condicions d'enviament.<\/span><\/h4>\n<\/div>\n<\/div><\/div><\/div><\/div><\/div>","protected":false},"excerpt":{"rendered":"<p>ARQUEOLOGIA &nbsp; 2006.\u00a01r Col\u00b7loqui d\u2019Arqueologia d\u2019Od\u00e8n (el Solson\u00e8s). La prehist\u00f2ria avui en el Prepirineu lleidat\u00e0. PVP: 15 \u20ac Edici\u00f3 esgotada. Per a m\u00e9s informaci\u00f3, contacteu [&hellip;]<\/p>\n","protected":false},"author":2,"featured_media":8031,"parent":0,"menu_order":20,"comment_status":"closed","ping_status":"closed","template":"pagina-contacte.php","meta":{"_acf_changed":false,"_monsterinsights_skip_tracking":false,"_monsterinsights_sitenote_active":false,"_monsterinsights_sitenote_note":"","_monsterinsights_sitenote_category":0,"footnotes":""},"class_list":["post-945","page","type-page","status-publish","has-post-thumbnail","hentry"],"acf":[],"yoast_head":"<!-- This site is optimized with the Yoast SEO plugin v25.5 - https:\/\/yoast.com\/wordpress\/plugins\/seo\/ -->\n<title>Publications - Museu de Solsona Dioces\u00e0 i Comarcal<\/title>\n<meta name=\"robots\" content=\"index, follow, max-snippet:-1, max-image-preview:large, max-video-preview:-1\" \/>\n<link rel=\"canonical\" href=\"https:\/\/museusolsona.cat\/en\/publicacions-2\/\" \/>\n<meta property=\"og:locale\" content=\"en_US\" \/>\n<meta property=\"og:type\" content=\"article\" \/>\n<meta property=\"og:title\" content=\"Publications - Museu de Solsona Dioces\u00e0 i Comarcal\" \/>\n<meta property=\"og:description\" content=\"ARQUEOLOGIA &nbsp; 2006.\u00a01r Col\u00b7loqui d\u2019Arqueologia d\u2019Od\u00e8n (el Solson\u00e8s). La prehist\u00f2ria avui en el Prepirineu lleidat\u00e0. PVP: 15 \u20ac Edici\u00f3 esgotada. Per a m\u00e9s informaci\u00f3, contacteu [&hellip;]\" \/>\n<meta property=\"og:url\" content=\"https:\/\/museusolsona.cat\/en\/publicacions-2\/\" \/>\n<meta property=\"og:site_name\" content=\"Museu de Solsona Dioces\u00e0 i Comarcal\" \/>\n<meta property=\"article:modified_time\" content=\"2026-04-17T09:39:49+00:00\" \/>\n<meta property=\"og:image\" content=\"https:\/\/museusolsona.cat\/wp-content\/uploads\/2025\/07\/Picasso-scaled.jpg\" \/>\n\t<meta property=\"og:image:width\" content=\"1899\" \/>\n\t<meta property=\"og:image:height\" content=\"2560\" \/>\n\t<meta property=\"og:image:type\" content=\"image\/jpeg\" \/>\n<meta name=\"twitter:label1\" content=\"Est. reading time\" \/>\n\t<meta name=\"twitter:data1\" content=\"3 minutes\" \/>\n<script type=\"application\/ld+json\" class=\"yoast-schema-graph\">{\"@context\":\"https:\/\/schema.org\",\"@graph\":[{\"@type\":\"WebPage\",\"@id\":\"https:\/\/museusolsona.cat\/en\/publicacions-2\/\",\"url\":\"https:\/\/museusolsona.cat\/en\/publicacions-2\/\",\"name\":\"Publications - Museu de Solsona Dioces\u00e0 i Comarcal\",\"isPartOf\":{\"@id\":\"https:\/\/museusolsona.cat\/en\/#website\"},\"primaryImageOfPage\":{\"@id\":\"https:\/\/museusolsona.cat\/en\/publicacions-2\/#primaryimage\"},\"image\":{\"@id\":\"https:\/\/museusolsona.cat\/publicacions-2\/#primaryimage\"},\"thumbnailUrl\":\"https:\/\/museusolsona.cat\/wp-content\/uploads\/2025\/07\/Picasso-scaled.jpg\",\"datePublished\":\"2015-07-17T14:05:12+00:00\",\"dateModified\":\"2026-04-17T09:39:49+00:00\",\"inLanguage\":\"en-US\",\"potentialAction\":[{\"@type\":\"ReadAction\",\"target\":[[\"https:\/\/museusolsona.cat\/en\/publicacions-2\/\"]]}]},{\"@type\":\"ImageObject\",\"inLanguage\":\"en-US\",\"@id\":\"https:\/\/museusolsona.cat\/en\/publicacions-2\/#primaryimage\",\"url\":\"https:\/\/museusolsona.cat\/wp-content\/uploads\/2025\/07\/Picasso-scaled.jpg\",\"contentUrl\":\"https:\/\/museusolsona.cat\/wp-content\/uploads\/2025\/07\/Picasso-scaled.jpg\",\"width\":1899,\"height\":2560},{\"@type\":\"WebSite\",\"@id\":\"https:\/\/museusolsona.cat\/en\/#website\",\"url\":\"https:\/\/museusolsona.cat\/en\/\",\"name\":\"Museu de Solsona Dioces\u00e0 i Comarcal\",\"description\":\"\",\"potentialAction\":[{\"@type\":\"SearchAction\",\"target\":{\"@type\":\"EntryPoint\",\"urlTemplate\":\"https:\/\/museusolsona.cat\/en\/?s={search_term_string}\"},\"query-input\":{\"@type\":\"PropertyValueSpecification\",\"valueRequired\":true,\"valueName\":\"search_term_string\"}}],\"inLanguage\":\"en-US\"}]}<\/script>\n<!-- \/ Yoast SEO plugin. -->","yoast_head_json":{"title":"Publications - Museu de Solsona Dioces\u00e0 i Comarcal","robots":{"index":"index","follow":"follow","max-snippet":"max-snippet:-1","max-image-preview":"max-image-preview:large","max-video-preview":"max-video-preview:-1"},"canonical":"https:\/\/museusolsona.cat\/en\/publicacions-2\/","og_locale":"en_US","og_type":"article","og_title":"Publications - Museu de Solsona Dioces\u00e0 i Comarcal","og_description":"ARQUEOLOGIA &nbsp; 2006.\u00a01r Col\u00b7loqui d\u2019Arqueologia d\u2019Od\u00e8n (el Solson\u00e8s). La prehist\u00f2ria avui en el Prepirineu lleidat\u00e0. PVP: 15 \u20ac Edici\u00f3 esgotada. Per a m\u00e9s informaci\u00f3, contacteu [&hellip;]","og_url":"https:\/\/museusolsona.cat\/en\/publicacions-2\/","og_site_name":"Museu de Solsona Dioces\u00e0 i Comarcal","article_modified_time":"2026-04-17T09:39:49+00:00","og_image":[{"width":1899,"height":2560,"url":"https:\/\/museusolsona.cat\/wp-content\/uploads\/2025\/07\/Picasso-scaled.jpg","type":"image\/jpeg"}],"twitter_misc":{"Est. reading time":"3 minutes"},"schema":{"@context":"https:\/\/schema.org","@graph":[{"@type":"WebPage","@id":"https:\/\/museusolsona.cat\/en\/publicacions-2\/","url":"https:\/\/museusolsona.cat\/en\/publicacions-2\/","name":"Publications - Museu de Solsona Dioces\u00e0 i Comarcal","isPartOf":{"@id":"https:\/\/museusolsona.cat\/en\/#website"},"primaryImageOfPage":{"@id":"https:\/\/museusolsona.cat\/en\/publicacions-2\/#primaryimage"},"image":{"@id":"https:\/\/museusolsona.cat\/publicacions-2\/#primaryimage"},"thumbnailUrl":"https:\/\/museusolsona.cat\/wp-content\/uploads\/2025\/07\/Picasso-scaled.jpg","datePublished":"2015-07-17T14:05:12+00:00","dateModified":"2026-04-17T09:39:49+00:00","inLanguage":"en-US","potentialAction":[{"@type":"ReadAction","target":[["https:\/\/museusolsona.cat\/en\/publicacions-2\/"]]}]},{"@type":"ImageObject","inLanguage":"en-US","@id":"https:\/\/museusolsona.cat\/en\/publicacions-2\/#primaryimage","url":"https:\/\/museusolsona.cat\/wp-content\/uploads\/2025\/07\/Picasso-scaled.jpg","contentUrl":"https:\/\/museusolsona.cat\/wp-content\/uploads\/2025\/07\/Picasso-scaled.jpg","width":1899,"height":2560},{"@type":"WebSite","@id":"https:\/\/museusolsona.cat\/en\/#website","url":"https:\/\/museusolsona.cat\/en\/","name":"Museu de Solsona Dioces\u00e0 i Comarcal","description":"","potentialAction":[{"@type":"SearchAction","target":{"@type":"EntryPoint","urlTemplate":"https:\/\/museusolsona.cat\/en\/?s={search_term_string}"},"query-input":{"@type":"PropertyValueSpecification","valueRequired":true,"valueName":"search_term_string"}}],"inLanguage":"en-US"}]}},"_links":{"self":[{"href":"https:\/\/museusolsona.cat\/en\/wp-json\/wp\/v2\/pages\/945","targetHints":{"allow":["GET"]}}],"collection":[{"href":"https:\/\/museusolsona.cat\/en\/wp-json\/wp\/v2\/pages"}],"about":[{"href":"https:\/\/museusolsona.cat\/en\/wp-json\/wp\/v2\/types\/page"}],"author":[{"embeddable":true,"href":"https:\/\/museusolsona.cat\/en\/wp-json\/wp\/v2\/users\/2"}],"replies":[{"embeddable":true,"href":"https:\/\/museusolsona.cat\/en\/wp-json\/wp\/v2\/comments?post=945"}],"version-history":[{"count":77,"href":"https:\/\/museusolsona.cat\/en\/wp-json\/wp\/v2\/pages\/945\/revisions"}],"predecessor-version":[{"id":8846,"href":"https:\/\/museusolsona.cat\/en\/wp-json\/wp\/v2\/pages\/945\/revisions\/8846"}],"wp:featuredmedia":[{"embeddable":true,"href":"https:\/\/museusolsona.cat\/en\/wp-json\/wp\/v2\/media\/8031"}],"wp:attachment":[{"href":"https:\/\/museusolsona.cat\/en\/wp-json\/wp\/v2\/media?parent=945"}],"curies":[{"name":"wp","href":"https:\/\/api.w.org\/{rel}","templated":true}]}}