{"id":10,"date":"2014-11-13T16:30:51","date_gmt":"2014-11-13T16:30:51","guid":{"rendered":"http:\/\/museusolsona.e2s\/?page_id=10"},"modified":"2023-09-02T13:08:02","modified_gmt":"2023-09-02T13:08:02","slug":"la-visita","status":"publish","type":"page","link":"https:\/\/museusolsona.cat\/es\/la-visita\/","title":{"rendered":"La visita"},"content":{"rendered":"<p><\/p>\n<h1>LA VISITA<\/h1>\n<h2><strong>EN LAS SALAS DEL MUSEU DE SOLSONA SE EXPONEN OBRAS DE TODOS LOS PER\u00cdODOS HIST\u00d3RICOS<\/strong><\/h2>\n<p>La visita se inicia en un espacio dedicado a la colecci\u00f3n de sal, del siglo XIX, donde se muestran objectos realizados exclusivamente con sal gema, procedente de las minas de Cardona. A continuaci\u00f3n, el recorrido es cronol\u00f3gico y abarca desde la prehistoria hasta la \u00e9poca contempor\u00e1nea, donde se exhiben diversas colecciones de patrimonio hist\u00f3rico-art\u00edstico pluridisciplinares procedentes de las comarcas que integran el obispado de Solsona.<\/p>\n<p>\u00a1Disfruten de la visita <em>online<\/em>!<\/p>","protected":false},"excerpt":{"rendered":"<p>LA VISITA EN LAS SALAS DEL MUSEU DE SOLSONA SE EXPONEN OBRAS DE TODOS LOS PER\u00cdODOS HIST\u00d3RICOS La visita se inicia en un espacio dedicado [&hellip;]<\/p>\n","protected":false},"author":1,"featured_media":0,"parent":0,"menu_order":11,"comment_status":"open","ping_status":"closed","template":"single-visita.php","meta":{"_acf_changed":false,"_monsterinsights_skip_tracking":false,"_monsterinsights_sitenote_active":false,"_monsterinsights_sitenote_note":"","_monsterinsights_sitenote_category":0,"footnotes":""},"class_list":["post-10","page","type-page","status-publish","hentry"],"acf":[],"yoast_head":"<!-- This site is optimized with the Yoast SEO plugin v25.5 - https:\/\/yoast.com\/wordpress\/plugins\/seo\/ -->\n<title>La visita - Museu de Solsona Dioces\u00e0 i Comarcal<\/title>\n<meta name=\"robots\" content=\"index, follow, max-snippet:-1, max-image-preview:large, max-video-preview:-1\" \/>\n<link rel=\"canonical\" href=\"https:\/\/museusolsona.cat\/es\/la-visita\/\" \/>\n<meta property=\"og:locale\" content=\"es_ES\" \/>\n<meta property=\"og:type\" content=\"article\" \/>\n<meta property=\"og:title\" content=\"La visita - Museu de Solsona Dioces\u00e0 i Comarcal\" \/>\n<meta property=\"og:description\" content=\"LA VISITA EN LAS SALAS DEL MUSEU DE SOLSONA SE EXPONEN OBRAS DE TODOS LOS PER\u00cdODOS HIST\u00d3RICOS La visita se inicia en un espacio dedicado [&hellip;]\" \/>\n<meta property=\"og:url\" content=\"https:\/\/museusolsona.cat\/es\/la-visita\/\" \/>\n<meta property=\"og:site_name\" content=\"Museu de Solsona Dioces\u00e0 i Comarcal\" \/>\n<meta property=\"article:modified_time\" content=\"2023-09-02T13:08:02+00:00\" \/>\n<meta name=\"twitter:label1\" content=\"Tiempo de lectura\" \/>\n\t<meta name=\"twitter:data1\" content=\"1 minuto\" \/>\n<script type=\"application\/ld+json\" class=\"yoast-schema-graph\">{\"@context\":\"https:\/\/schema.org\",\"@graph\":[{\"@type\":\"WebPage\",\"@id\":\"https:\/\/museusolsona.cat\/es\/la-visita\/\",\"url\":\"https:\/\/museusolsona.cat\/es\/la-visita\/\",\"name\":\"La visita - Museu de Solsona Dioces\u00e0 i Comarcal\",\"isPartOf\":{\"@id\":\"https:\/\/museusolsona.cat\/es\/#website\"},\"datePublished\":\"2014-11-13T16:30:51+00:00\",\"dateModified\":\"2023-09-02T13:08:02+00:00\",\"inLanguage\":\"es\",\"potentialAction\":[{\"@type\":\"ReadAction\",\"target\":[[\"https:\/\/museusolsona.cat\/es\/la-visita\/\"]]}]},{\"@type\":\"WebSite\",\"@id\":\"https:\/\/museusolsona.cat\/es\/#website\",\"url\":\"https:\/\/museusolsona.cat\/es\/\",\"name\":\"Museu de Solsona Dioces\u00e0 i Comarcal\",\"description\":\"\",\"potentialAction\":[{\"@type\":\"SearchAction\",\"target\":{\"@type\":\"EntryPoint\",\"urlTemplate\":\"https:\/\/museusolsona.cat\/es\/?s={search_term_string}\"},\"query-input\":{\"@type\":\"PropertyValueSpecification\",\"valueRequired\":true,\"valueName\":\"search_term_string\"}}],\"inLanguage\":\"es\"}]}<\/script>\n<!-- \/ Yoast SEO plugin. -->","yoast_head_json":{"title":"La visita - Museu de Solsona Dioces\u00e0 i Comarcal","robots":{"index":"index","follow":"follow","max-snippet":"max-snippet:-1","max-image-preview":"max-image-preview:large","max-video-preview":"max-video-preview:-1"},"canonical":"https:\/\/museusolsona.cat\/es\/la-visita\/","og_locale":"es_ES","og_type":"article","og_title":"La visita - Museu de Solsona Dioces\u00e0 i Comarcal","og_description":"LA VISITA EN LAS SALAS DEL MUSEU DE SOLSONA SE EXPONEN OBRAS DE TODOS LOS PER\u00cdODOS HIST\u00d3RICOS La visita se inicia en un espacio dedicado [&hellip;]","og_url":"https:\/\/museusolsona.cat\/es\/la-visita\/","og_site_name":"Museu de Solsona Dioces\u00e0 i Comarcal","article_modified_time":"2023-09-02T13:08:02+00:00","twitter_misc":{"Tiempo de lectura":"1 minuto"},"schema":{"@context":"https:\/\/schema.org","@graph":[{"@type":"WebPage","@id":"https:\/\/museusolsona.cat\/es\/la-visita\/","url":"https:\/\/museusolsona.cat\/es\/la-visita\/","name":"La visita - Museu de Solsona Dioces\u00e0 i Comarcal","isPartOf":{"@id":"https:\/\/museusolsona.cat\/es\/#website"},"datePublished":"2014-11-13T16:30:51+00:00","dateModified":"2023-09-02T13:08:02+00:00","inLanguage":"es","potentialAction":[{"@type":"ReadAction","target":[["https:\/\/museusolsona.cat\/es\/la-visita\/"]]}]},{"@type":"WebSite","@id":"https:\/\/museusolsona.cat\/es\/#website","url":"https:\/\/museusolsona.cat\/es\/","name":"Museu de Solsona Dioces\u00e0 i Comarcal","description":"","potentialAction":[{"@type":"SearchAction","target":{"@type":"EntryPoint","urlTemplate":"https:\/\/museusolsona.cat\/es\/?s={search_term_string}"},"query-input":{"@type":"PropertyValueSpecification","valueRequired":true,"valueName":"search_term_string"}}],"inLanguage":"es"}]}},"_links":{"self":[{"href":"https:\/\/museusolsona.cat\/es\/wp-json\/wp\/v2\/pages\/10","targetHints":{"allow":["GET"]}}],"collection":[{"href":"https:\/\/museusolsona.cat\/es\/wp-json\/wp\/v2\/pages"}],"about":[{"href":"https:\/\/museusolsona.cat\/es\/wp-json\/wp\/v2\/types\/page"}],"author":[{"embeddable":true,"href":"https:\/\/museusolsona.cat\/es\/wp-json\/wp\/v2\/users\/1"}],"replies":[{"embeddable":true,"href":"https:\/\/museusolsona.cat\/es\/wp-json\/wp\/v2\/comments?post=10"}],"version-history":[{"count":20,"href":"https:\/\/museusolsona.cat\/es\/wp-json\/wp\/v2\/pages\/10\/revisions"}],"predecessor-version":[{"id":5582,"href":"https:\/\/museusolsona.cat\/es\/wp-json\/wp\/v2\/pages\/10\/revisions\/5582"}],"wp:attachment":[{"href":"https:\/\/museusolsona.cat\/es\/wp-json\/wp\/v2\/media?parent=10"}],"curies":[{"name":"wp","href":"https:\/\/api.w.org\/{rel}","templated":true}]}}