{"id":2373,"date":"2017-10-13T15:11:57","date_gmt":"2017-10-13T15:11:57","guid":{"rendered":"https:\/\/museusolsona.cat\/?page_id=2373"},"modified":"2022-09-06T11:31:51","modified_gmt":"2022-09-06T11:31:51","slug":"novetat-activitats-educatives","status":"publish","type":"page","link":"https:\/\/museusolsona.cat\/es\/novetat-activitats-educatives\/","title":{"rendered":"(Catal\u00e0) Activitats educatives"},"content":{"rendered":"<p class=\"qtranxs-available-languages-message qtranxs-available-languages-message-es\">Disculpa, pero esta entrada est\u00e1 disponible s\u00f3lo en <a href=\"https:\/\/museusolsona.cat\/ca\/wp-json\/wp\/v2\/pages\/2373\" class=\"qtranxs-available-language-link qtranxs-available-language-link-ca\" title=\"Catal\u00e0\">Catal\u00e0<\/a> y <a href=\"https:\/\/museusolsona.cat\/en\/wp-json\/wp\/v2\/pages\/2373\" class=\"qtranxs-available-language-link qtranxs-available-language-link-en\" title=\"English\">English<\/a>.<\/p>","protected":false},"excerpt":{"rendered":"<p>Disculpa, pero esta entrada est\u00e1 disponible s\u00f3lo en Catal\u00e0 y English.<\/p>\n","protected":false},"author":2,"featured_media":0,"parent":0,"menu_order":2,"comment_status":"closed","ping_status":"closed","template":"","meta":{"_acf_changed":false,"_monsterinsights_skip_tracking":false,"_monsterinsights_sitenote_active":false,"_monsterinsights_sitenote_note":"","_monsterinsights_sitenote_category":0,"footnotes":""},"class_list":["post-2373","page","type-page","status-publish","hentry"],"acf":[],"yoast_head":"<!-- This site is optimized with the Yoast SEO plugin v25.5 - https:\/\/yoast.com\/wordpress\/plugins\/seo\/ -->\n<title>(Catal\u00e0) Activitats educatives - Museu de Solsona Dioces\u00e0 i Comarcal<\/title>\n<meta name=\"robots\" content=\"index, follow, max-snippet:-1, max-image-preview:large, max-video-preview:-1\" \/>\n<link rel=\"canonical\" href=\"https:\/\/museusolsona.cat\/es\/novetat-activitats-educatives\/\" \/>\n<meta property=\"og:locale\" content=\"es_ES\" \/>\n<meta property=\"og:type\" content=\"article\" \/>\n<meta property=\"og:title\" content=\"(Catal\u00e0) Activitats educatives - Museu de Solsona Dioces\u00e0 i Comarcal\" \/>\n<meta property=\"og:description\" content=\"Disculpa, pero esta entrada est\u00e1 disponible s\u00f3lo en Catal\u00e0 y English.\" \/>\n<meta property=\"og:url\" content=\"https:\/\/museusolsona.cat\/es\/novetat-activitats-educatives\/\" \/>\n<meta property=\"og:site_name\" content=\"Museu de Solsona Dioces\u00e0 i Comarcal\" \/>\n<meta property=\"article:modified_time\" content=\"2022-09-06T11:31:51+00:00\" \/>\n<meta property=\"og:image\" content=\"https:\/\/museusolsona.cat\/wp-content\/uploads\/2022\/09\/Captura-de-pantalla-2022-09-06-a-les-11.21.03.png\" \/>\n<script type=\"application\/ld+json\" class=\"yoast-schema-graph\">{\"@context\":\"https:\/\/schema.org\",\"@graph\":[{\"@type\":\"WebPage\",\"@id\":\"https:\/\/museusolsona.cat\/es\/novetat-activitats-educatives\/\",\"url\":\"https:\/\/museusolsona.cat\/es\/novetat-activitats-educatives\/\",\"name\":\"(Catal\u00e0) Activitats educatives - Museu de Solsona Dioces\u00e0 i Comarcal\",\"isPartOf\":{\"@id\":\"https:\/\/museusolsona.cat\/es\/#website\"},\"primaryImageOfPage\":{\"@id\":\"https:\/\/museusolsona.cat\/es\/novetat-activitats-educatives\/#primaryimage\"},\"image\":{\"@id\":\"https:\/\/museusolsona.cat\/novetat-activitats-educatives\/#primaryimage\"},\"thumbnailUrl\":\"https:\/\/museusolsona.cat\/wp-content\/uploads\/2022\/09\/Captura-de-pantalla-2022-09-06-a-les-11.21.03.png\",\"datePublished\":\"2017-10-13T15:11:57+00:00\",\"dateModified\":\"2022-09-06T11:31:51+00:00\",\"inLanguage\":\"es\",\"potentialAction\":[{\"@type\":\"ReadAction\",\"target\":[[\"https:\/\/museusolsona.cat\/es\/novetat-activitats-educatives\/\"]]}]},{\"@type\":\"ImageObject\",\"inLanguage\":\"es\",\"@id\":\"https:\/\/museusolsona.cat\/es\/novetat-activitats-educatives\/#primaryimage\",\"url\":\"https:\/\/museusolsona.cat\/wp-content\/uploads\/2022\/09\/Captura-de-pantalla-2022-09-06-a-les-11.21.03.png\",\"contentUrl\":\"https:\/\/museusolsona.cat\/wp-content\/uploads\/2022\/09\/Captura-de-pantalla-2022-09-06-a-les-11.21.03.png\"},{\"@type\":\"WebSite\",\"@id\":\"https:\/\/museusolsona.cat\/es\/#website\",\"url\":\"https:\/\/museusolsona.cat\/es\/\",\"name\":\"Museu de Solsona Dioces\u00e0 i Comarcal\",\"description\":\"\",\"potentialAction\":[{\"@type\":\"SearchAction\",\"target\":{\"@type\":\"EntryPoint\",\"urlTemplate\":\"https:\/\/museusolsona.cat\/es\/?s={search_term_string}\"},\"query-input\":{\"@type\":\"PropertyValueSpecification\",\"valueRequired\":true,\"valueName\":\"search_term_string\"}}],\"inLanguage\":\"es\"}]}<\/script>\n<!-- \/ Yoast SEO plugin. -->","yoast_head_json":{"title":"(Catal\u00e0) Activitats educatives - Museu de Solsona Dioces\u00e0 i Comarcal","robots":{"index":"index","follow":"follow","max-snippet":"max-snippet:-1","max-image-preview":"max-image-preview:large","max-video-preview":"max-video-preview:-1"},"canonical":"https:\/\/museusolsona.cat\/es\/novetat-activitats-educatives\/","og_locale":"es_ES","og_type":"article","og_title":"(Catal\u00e0) Activitats educatives - Museu de Solsona Dioces\u00e0 i Comarcal","og_description":"Disculpa, pero esta entrada est\u00e1 disponible s\u00f3lo en Catal\u00e0 y English.","og_url":"https:\/\/museusolsona.cat\/es\/novetat-activitats-educatives\/","og_site_name":"Museu de Solsona Dioces\u00e0 i Comarcal","article_modified_time":"2022-09-06T11:31:51+00:00","og_image":[{"url":"https:\/\/museusolsona.cat\/wp-content\/uploads\/2022\/09\/Captura-de-pantalla-2022-09-06-a-les-11.21.03.png","type":"","width":"","height":""}],"schema":{"@context":"https:\/\/schema.org","@graph":[{"@type":"WebPage","@id":"https:\/\/museusolsona.cat\/es\/novetat-activitats-educatives\/","url":"https:\/\/museusolsona.cat\/es\/novetat-activitats-educatives\/","name":"(Catal\u00e0) Activitats educatives - Museu de Solsona Dioces\u00e0 i Comarcal","isPartOf":{"@id":"https:\/\/museusolsona.cat\/es\/#website"},"primaryImageOfPage":{"@id":"https:\/\/museusolsona.cat\/es\/novetat-activitats-educatives\/#primaryimage"},"image":{"@id":"https:\/\/museusolsona.cat\/novetat-activitats-educatives\/#primaryimage"},"thumbnailUrl":"https:\/\/museusolsona.cat\/wp-content\/uploads\/2022\/09\/Captura-de-pantalla-2022-09-06-a-les-11.21.03.png","datePublished":"2017-10-13T15:11:57+00:00","dateModified":"2022-09-06T11:31:51+00:00","inLanguage":"es","potentialAction":[{"@type":"ReadAction","target":[["https:\/\/museusolsona.cat\/es\/novetat-activitats-educatives\/"]]}]},{"@type":"ImageObject","inLanguage":"es","@id":"https:\/\/museusolsona.cat\/es\/novetat-activitats-educatives\/#primaryimage","url":"https:\/\/museusolsona.cat\/wp-content\/uploads\/2022\/09\/Captura-de-pantalla-2022-09-06-a-les-11.21.03.png","contentUrl":"https:\/\/museusolsona.cat\/wp-content\/uploads\/2022\/09\/Captura-de-pantalla-2022-09-06-a-les-11.21.03.png"},{"@type":"WebSite","@id":"https:\/\/museusolsona.cat\/es\/#website","url":"https:\/\/museusolsona.cat\/es\/","name":"Museu de Solsona Dioces\u00e0 i Comarcal","description":"","potentialAction":[{"@type":"SearchAction","target":{"@type":"EntryPoint","urlTemplate":"https:\/\/museusolsona.cat\/es\/?s={search_term_string}"},"query-input":{"@type":"PropertyValueSpecification","valueRequired":true,"valueName":"search_term_string"}}],"inLanguage":"es"}]}},"_links":{"self":[{"href":"https:\/\/museusolsona.cat\/es\/wp-json\/wp\/v2\/pages\/2373","targetHints":{"allow":["GET"]}}],"collection":[{"href":"https:\/\/museusolsona.cat\/es\/wp-json\/wp\/v2\/pages"}],"about":[{"href":"https:\/\/museusolsona.cat\/es\/wp-json\/wp\/v2\/types\/page"}],"author":[{"embeddable":true,"href":"https:\/\/museusolsona.cat\/es\/wp-json\/wp\/v2\/users\/2"}],"replies":[{"embeddable":true,"href":"https:\/\/museusolsona.cat\/es\/wp-json\/wp\/v2\/comments?post=2373"}],"version-history":[{"count":5,"href":"https:\/\/museusolsona.cat\/es\/wp-json\/wp\/v2\/pages\/2373\/revisions"}],"predecessor-version":[{"id":2388,"href":"https:\/\/museusolsona.cat\/es\/wp-json\/wp\/v2\/pages\/2373\/revisions\/2388"}],"wp:attachment":[{"href":"https:\/\/museusolsona.cat\/es\/wp-json\/wp\/v2\/media?parent=2373"}],"curies":[{"name":"wp","href":"https:\/\/api.w.org\/{rel}","templated":true}]}}