{"id":85,"date":"2014-11-25T10:14:58","date_gmt":"2014-11-25T10:14:58","guid":{"rendered":"https:\/\/museusolsona.cat\/?page_id=85"},"modified":"2025-09-06T11:41:12","modified_gmt":"2025-09-06T11:41:12","slug":"previstes","status":"publish","type":"page","link":"https:\/\/museusolsona.cat\/es\/exposicions-temporals\/previstes\/","title":{"rendered":"Exposiciones previstas"},"content":{"rendered":"<div id=\"pl-85\"  class=\"panel-layout\" ><div id=\"pg-85-0\"  class=\"panel-grid panel-no-style\" ><div id=\"pgc-85-0-0\"  class=\"panel-grid-cell\" ><div id=\"panel-85-0-0-0\" class=\"so-panel widget widget_sow-editor panel-first-child panel-last-child\" data-index=\"0\" ><div\n\t\t\t\n\t\t\tclass=\"so-widget-sow-editor so-widget-sow-editor-base\"\n\t\t\t\n\t\t>\n<div class=\"siteorigin-widget-tinymce textwidget\">\n\t<p><em>Del 10 d'abril al 4 de juliol, el museu solson\u00ed convida a experimentar amb els processos de creaci\u00f3 de Mir\u00f3 aportant una nova perspectiva d'interpretaci\u00f3 basada en la relaci\u00f3 de l'artista amb la pintura mural <\/em><\/p>\n<p>Partir del viatge que Joan Mir\u00f3 va fer al Museu Dioces\u00e0 i Comarcal de Solsona l'abril de 1951, m\u00e9s concretament, de l'encontre amb el fragment de pintura mural prerom\u00e0nica conegut com l'Orant de Pedret. Aquest \u00e9s el punt de partida de <em><strong>L'Orant i Mir\u00f3<\/strong><strong>. Esperit mural<\/strong><\/em>, la nova exposici\u00f3 temporal comissariada per <strong>Marta Ricart i Masip<\/strong>, artista, investigadora i doctora per la Universitat de Barcelona. La missi\u00f3 de la mostra rau en una doble articulaci\u00f3: d'una banda, abordar Joan Mir\u00f3 des del proc\u00e9s art\u00edstic i, per tant, concebre una altra manera de veure l'artista, l'obra i el vincle amb el fresc de l'Orant; i d'altra, explorar l'esperit col\u00b7lectiu i an\u00f2nim de la creaci\u00f3 mural mitjan\u00e7ant un itinerari integrat a la col\u00b7lecci\u00f3 permanent. El resultat \u00e9s un treball de recorreguts i punts de vista sobre la noci\u00f3 de transcurs, un concepte lligat a la import\u00e0ncia que Mir\u00f3 conferia al lloc. Al llarg dels seus processos de treball, el pintor, escultor i ceramista barcelon\u00ed va estar sempre arrelat a la terra a l'hora de transitar aquest imaginari i dur la creaci\u00f3 m\u00e9s enll\u00e0, fet que l'exposici\u00f3 palesa.<\/p>\n<p>La proposta expositiva s'instal\u00b7la al Museu de Solsona a partir del 10 d'abril a trav\u00e9s de quatre \u00e0mbits. M\u00e9s enll\u00e0 de les obres exposades, el recorregut permet als visitants aprofundir en els continguts fent parada en diversos espais de l'equipament, des de les depend\u00e8ncies dedicades a l'arqueologia fins a la sala de pintura mural de Sant Vicen\u00e7 del Rus. Pel que fa a la consecuci\u00f3, la mostra s'articula a partir d'un proc\u00e9s de creaci\u00f3 que compr\u00e8n els mateixos criteris de creaci\u00f3 mural presentats, uns principis que doten el projecte d'un deix sensible i mat\u00e8ric d'acord amb la llum, l'espai i els ritmes: \u00abEl muntatge \u00e9s equiparable a un proc\u00e9s arquitect\u00f2nic espacial, t\u00e9 un llenguatge pr\u00f2piament compositiu\u00bb, matisa Ricart. Tanmateix, per entendre el context i l'origen de la investigaci\u00f3 en q\u00fcesti\u00f3 cal remuntar-se a l'any 2016 quan Ricart va rebre la beca Pilar Juncosa de la Fundaci\u00f3 Pilar i Joan Mir\u00f3 de Palma (Mallorca) per la tesi En el transcurs de fer. Un di\u00e0leg amb els processos de creaci\u00f3 de Joan Mir\u00f3. Del projecte n'han convergit diversos fruits i un d'ells es materialitza aquest abril en fons i forma de recorregut expositiu al museu solson\u00ed.<\/p>\n<p>Tanmateix, per entendre el context i l'origen de la investigaci\u00f3 en q\u00fcesti\u00f3 cal remuntar-se a l'any 2016 quan Ricart va rebre la beca Pilar Juncosa de la Fundaci\u00f3 Pilar i Joan Mir\u00f3 de Palma (Mallorca) per la tesi E<em>n el transcurs de fer. Un di\u00e0leg amb els processos de creaci\u00f3 de Joan Mir\u00f3<\/em>. Del projecte n'han convergit diversos fruits i un d'ells es materialitza aquest abril en fons i forma de recorregut expositiu al museu solson\u00ed.<\/p>\n<p>Aix\u00ed doncs, <em><strong>L'Orant i Mir\u00f3. Esperit mural<\/strong><\/em> recull la demostraci\u00f3 que l'Orant de Pedret va inspirar l'obra de Joan Mir\u00f3 a partir d'una dimensi\u00f3 singular com ho s\u00f3n els processos de treball del mateix artista. Aquesta iniciativa es troba emmarcada en el pressupost ordinari del Museu Dioces\u00e0 i Comarcal de Solsona aprovat pel Patronat i, per tant, finan\u00e7ada pels seus membres: el Departament de Cultura de la Generalitat de Catalunya, el Bisbat de Solsona, l'Ajuntament de Solsona i el Consell Comarcal del Solson\u00e8s. Aix\u00ed mateix, s'hi afegeixen prestadors com la Fundaci\u00f3 Joan Mir\u00f3 de Barcelona, la Fundaci\u00f3 Pilar i Joan Mir\u00f3 a Mallorca, la Fundaci\u00f3 Lloren\u00e7 Artigas i la Fundaci\u00f3 Mas Mir\u00f3.\u00a0<\/p>\n<\/div>\n<\/div><\/div><\/div><div id=\"pgc-85-0-1\"  class=\"panel-grid-cell\" ><div id=\"panel-85-0-1-0\" class=\"so-panel widget widget_sow-image panel-first-child panel-last-child\" data-index=\"1\" ><div\n\t\t\t\n\t\t\tclass=\"so-widget-sow-image so-widget-sow-image-default-8b5b6f678277-85\"\n\t\t\t\n\t\t>\n<div class=\"sow-image-container\">\n\t\t<img \n\tsrc=\"https:\/\/museusolsona.cat\/wp-content\/uploads\/2025\/03\/OK_online_cartell-OiM_MdS--scaled.jpg\" width=\"1361\" height=\"2560\" srcset=\"https:\/\/museusolsona.cat\/wp-content\/uploads\/2025\/03\/OK_online_cartell-OiM_MdS--scaled.jpg 1361w, https:\/\/museusolsona.cat\/wp-content\/uploads\/2025\/03\/OK_online_cartell-OiM_MdS--160x300.jpg 160w, https:\/\/museusolsona.cat\/wp-content\/uploads\/2025\/03\/OK_online_cartell-OiM_MdS--545x1024.jpg 545w, https:\/\/museusolsona.cat\/wp-content\/uploads\/2025\/03\/OK_online_cartell-OiM_MdS--768x1444.jpg 768w, https:\/\/museusolsona.cat\/wp-content\/uploads\/2025\/03\/OK_online_cartell-OiM_MdS--817x1536.jpg 817w, https:\/\/museusolsona.cat\/wp-content\/uploads\/2025\/03\/OK_online_cartell-OiM_MdS--1089x2048.jpg 1089w\" sizes=\"(max-width: 1361px) 100vw, 1361px\" title=\"OK_online_cartell OiM_MdS\" alt=\"\" \t\tclass=\"so-widget-image\"\/>\n\t<\/div>\n\n<\/div><\/div><\/div><\/div><div id=\"pg-85-1\"  class=\"panel-grid panel-no-style\" ><div id=\"pgc-85-1-0\"  class=\"panel-grid-cell\" ><div id=\"panel-85-1-0-0\" class=\"so-panel widget widget_sow-editor panel-first-child panel-last-child\" data-index=\"2\" ><div\n\t\t\t\n\t\t\tclass=\"so-widget-sow-editor so-widget-sow-editor-base\"\n\t\t\t\n\t\t>\n<div class=\"siteorigin-widget-tinymce textwidget\">\n\t<p>La proposta expositiva s'instal\u00b7la al Museu de Solsona a partir del 10 d'abril a trav\u00e9s de quatre \u00e0mbits. M\u00e9s enll\u00e0 de les obres exposades, el recorregut permet als visitants aprofundir en els continguts fent parada en diversos espais de l'equipament, des de les depend\u00e8ncies dedicades a l'arqueologia fins a la sala de pintura mural de Sant Vicen\u00e7 del Rus. Pel que fa a la consecuci\u00f3, la mostra s'articula a partir d'un proc\u00e9s de creaci\u00f3 que compr\u00e8n els mateixos criteris de creaci\u00f3 mural presentats, uns principis que doten el projecte d'un deix sensible i mat\u00e8ric d'acord amb la llum, l'espai i els ritmes: \u00abEl muntatge \u00e9s equiparable a un proc\u00e9s arquitect\u00f2nic espacial, t\u00e9 un llenguatge pr\u00f2piament compositiu\u00bb, matisa Ricart. Tanmateix, per entendre el context i l'origen de la investigaci\u00f3 en q\u00fcesti\u00f3 cal remuntar-se a l'any 2016 quan Ricart va rebre la beca Pilar Juncosa de la Fundaci\u00f3 Pilar i Joan Mir\u00f3 de Palma (Mallorca) per la tesi En el transcurs de fer. Un di\u00e0leg amb els processos de creaci\u00f3 de Joan Mir\u00f3. Del projecte n'han convergit diversos fruits i un d'ells es materialitza aquest abril en fons i forma de recorregut expositiu al museu solson\u00ed.<\/p>\n<p>Tanmateix, per entendre el context i l'origen de la investigaci\u00f3 en q\u00fcesti\u00f3 cal remuntar-se a l'any 2016 quan Ricart va rebre la beca Pilar Juncosa de la Fundaci\u00f3 Pilar i Joan Mir\u00f3 de Palma (Mallorca) per la tesi E<em>n el transcurs de fer. Un di\u00e0leg amb els processos de creaci\u00f3 de Joan Mir\u00f3<\/em>. Del projecte n'han convergit diversos fruits i un d'ells es materialitza aquest abril en fons i forma de recorregut expositiu al museu solson\u00ed.<\/p>\n<p>Aix\u00ed doncs, <em><strong>L'Orant i Mir\u00f3. Esperit mural<\/strong><\/em> recull la demostraci\u00f3 que l'Orant de Pedret va inspirar l'obra de Joan Mir\u00f3 a partir d'una dimensi\u00f3 singular com ho s\u00f3n els processos de treball del mateix artista. Aquesta iniciativa es troba emmarcada en el pressupost ordinari del Museu Dioces\u00e0 i Comarcal de Solsona aprovat pel Patronat i, per tant, finan\u00e7ada pels seus membres: el Departament de Cultura de la Generalitat de Catalunya, el Bisbat de Solsona, l'Ajuntament de Solsona i el Consell Comarcal del Solson\u00e8s. Aix\u00ed mateix, s'hi afegeixen prestadors com la Fundaci\u00f3 Joan Mir\u00f3 de Barcelona, la Fundaci\u00f3 Pilar i Joan Mir\u00f3 a Mallorca, la Fundaci\u00f3 Lloren\u00e7 Artigas i la Fundaci\u00f3 Mas Mir\u00f3.<\/p>\n<\/div>\n<\/div><\/div><\/div><\/div><\/div>","protected":false},"excerpt":{"rendered":"<p>Del 10 d&#8217;abril al 4 de juliol, el museu solson\u00ed convida a experimentar amb els processos de creaci\u00f3 de Mir\u00f3 aportant una nova perspectiva d&#8217;interpretaci\u00f3 [&hellip;]<\/p>\n","protected":false},"author":1,"featured_media":7488,"parent":79,"menu_order":4,"comment_status":"closed","ping_status":"closed","template":"pagina-exposicions-temporals.php","meta":{"_acf_changed":false,"_monsterinsights_skip_tracking":false,"_monsterinsights_sitenote_active":false,"_monsterinsights_sitenote_note":"","_monsterinsights_sitenote_category":0,"footnotes":""},"class_list":["post-85","page","type-page","status-publish","has-post-thumbnail","hentry"],"acf":[],"yoast_head":"<!-- This site is optimized with the Yoast SEO plugin v25.5 - https:\/\/yoast.com\/wordpress\/plugins\/seo\/ -->\n<title>Exposiciones previstas - Museu de Solsona Dioces\u00e0 i Comarcal<\/title>\n<meta name=\"description\" content=\"Del 10 d&#039;abril al 4 de juliol, el museu solson\u00ed convida a experimentar amb els processos de creaci\u00f3 de Mir\u00f3 aportant una nova perspectiva d&#039;interpretaci\u00f3 basada en la relaci\u00f3 de l&#039;artista amb la pintura mural.\" \/>\n<meta name=\"robots\" content=\"index, follow, max-snippet:-1, max-image-preview:large, max-video-preview:-1\" \/>\n<link rel=\"canonical\" href=\"https:\/\/museusolsona.cat\/es\/exposicions-temporals\/previstes\/\" \/>\n<meta property=\"og:locale\" content=\"es_ES\" \/>\n<meta property=\"og:type\" content=\"article\" \/>\n<meta property=\"og:title\" content=\"Exposiciones previstas - Museu de Solsona Dioces\u00e0 i Comarcal\" \/>\n<meta property=\"og:description\" content=\"Del 10 d&#039;abril al 4 de juliol, el museu solson\u00ed convida a experimentar amb els processos de creaci\u00f3 de Mir\u00f3 aportant una nova perspectiva d&#039;interpretaci\u00f3 basada en la relaci\u00f3 de l&#039;artista amb la pintura mural.\" \/>\n<meta property=\"og:url\" content=\"https:\/\/museusolsona.cat\/es\/exposicions-temporals\/previstes\/\" \/>\n<meta property=\"og:site_name\" content=\"Museu de Solsona Dioces\u00e0 i Comarcal\" \/>\n<meta property=\"article:modified_time\" content=\"2025-09-06T11:41:12+00:00\" \/>\n<meta property=\"og:image\" content=\"https:\/\/museusolsona.cat\/wp-content\/uploads\/2025\/03\/OK_online_cartell-OiM_MdS--scaled.jpg\" \/>\n\t<meta property=\"og:image:width\" content=\"1361\" \/>\n\t<meta property=\"og:image:height\" content=\"2560\" \/>\n\t<meta property=\"og:image:type\" content=\"image\/jpeg\" \/>\n<meta name=\"twitter:label1\" content=\"Tiempo de lectura\" \/>\n\t<meta name=\"twitter:data1\" content=\"6 minutos\" \/>\n<script type=\"application\/ld+json\" class=\"yoast-schema-graph\">{\"@context\":\"https:\/\/schema.org\",\"@graph\":[{\"@type\":\"WebPage\",\"@id\":\"https:\/\/museusolsona.cat\/es\/exposicions-temporals\/previstes\/\",\"url\":\"https:\/\/museusolsona.cat\/es\/exposicions-temporals\/previstes\/\",\"name\":\"Exposiciones previstas - Museu de Solsona Dioces\u00e0 i Comarcal\",\"isPartOf\":{\"@id\":\"https:\/\/museusolsona.cat\/es\/#website\"},\"primaryImageOfPage\":{\"@id\":\"https:\/\/museusolsona.cat\/es\/exposicions-temporals\/previstes\/#primaryimage\"},\"image\":{\"@id\":\"https:\/\/museusolsona.cat\/exposicions-temporals\/previstes\/#primaryimage\"},\"thumbnailUrl\":\"https:\/\/museusolsona.cat\/wp-content\/uploads\/2025\/03\/OK_online_cartell-OiM_MdS--scaled.jpg\",\"datePublished\":\"2014-11-25T10:14:58+00:00\",\"dateModified\":\"2025-09-06T11:41:12+00:00\",\"description\":\"Del 10 d'abril al 4 de juliol, el museu solson\u00ed convida a experimentar amb els processos de creaci\u00f3 de Mir\u00f3 aportant una nova perspectiva d'interpretaci\u00f3 basada en la relaci\u00f3 de l'artista amb la pintura mural.\",\"breadcrumb\":{\"@id\":\"https:\/\/museusolsona.cat\/es\/exposicions-temporals\/previstes\/#breadcrumb\"},\"inLanguage\":\"es\",\"potentialAction\":[{\"@type\":\"ReadAction\",\"target\":[[\"https:\/\/museusolsona.cat\/es\/exposicions-temporals\/previstes\/\"]]}]},{\"@type\":\"ImageObject\",\"inLanguage\":\"es\",\"@id\":\"https:\/\/museusolsona.cat\/es\/exposicions-temporals\/previstes\/#primaryimage\",\"url\":\"https:\/\/museusolsona.cat\/wp-content\/uploads\/2025\/03\/OK_online_cartell-OiM_MdS--scaled.jpg\",\"contentUrl\":\"https:\/\/museusolsona.cat\/wp-content\/uploads\/2025\/03\/OK_online_cartell-OiM_MdS--scaled.jpg\",\"width\":1361,\"height\":2560},{\"@type\":\"BreadcrumbList\",\"@id\":\"https:\/\/museusolsona.cat\/es\/exposicions-temporals\/previstes\/#breadcrumb\",\"itemListElement\":[{\"@type\":\"ListItem\",\"position\":1,\"name\":\"Exposiciones temporales\",\"item\":\"https:\/\/museusolsona.cat\/es\/exposicions-temporals\/\"},{\"@type\":\"ListItem\",\"position\":2,\"name\":\"Exposicions previstes\"}]},{\"@type\":\"WebSite\",\"@id\":\"https:\/\/museusolsona.cat\/es\/#website\",\"url\":\"https:\/\/museusolsona.cat\/es\/\",\"name\":\"Museu de Solsona Dioces\u00e0 i Comarcal\",\"description\":\"\",\"potentialAction\":[{\"@type\":\"SearchAction\",\"target\":{\"@type\":\"EntryPoint\",\"urlTemplate\":\"https:\/\/museusolsona.cat\/es\/?s={search_term_string}\"},\"query-input\":{\"@type\":\"PropertyValueSpecification\",\"valueRequired\":true,\"valueName\":\"search_term_string\"}}],\"inLanguage\":\"es\"}]}<\/script>\n<!-- \/ Yoast SEO plugin. -->","yoast_head_json":{"title":"Exposiciones previstas - Museu de Solsona Dioces\u00e0 i Comarcal","description":"Del 10 d'abril al 4 de juliol, el museu solson\u00ed convida a experimentar amb els processos de creaci\u00f3 de Mir\u00f3 aportant una nova perspectiva d'interpretaci\u00f3 basada en la relaci\u00f3 de l'artista amb la pintura mural.","robots":{"index":"index","follow":"follow","max-snippet":"max-snippet:-1","max-image-preview":"max-image-preview:large","max-video-preview":"max-video-preview:-1"},"canonical":"https:\/\/museusolsona.cat\/es\/exposicions-temporals\/previstes\/","og_locale":"es_ES","og_type":"article","og_title":"Exposiciones previstas - Museu de Solsona Dioces\u00e0 i Comarcal","og_description":"Del 10 d'abril al 4 de juliol, el museu solson\u00ed convida a experimentar amb els processos de creaci\u00f3 de Mir\u00f3 aportant una nova perspectiva d'interpretaci\u00f3 basada en la relaci\u00f3 de l'artista amb la pintura mural.","og_url":"https:\/\/museusolsona.cat\/es\/exposicions-temporals\/previstes\/","og_site_name":"Museu de Solsona Dioces\u00e0 i Comarcal","article_modified_time":"2025-09-06T11:41:12+00:00","og_image":[{"width":1361,"height":2560,"url":"https:\/\/museusolsona.cat\/wp-content\/uploads\/2025\/03\/OK_online_cartell-OiM_MdS--scaled.jpg","type":"image\/jpeg"}],"twitter_misc":{"Tiempo de lectura":"6 minutos"},"schema":{"@context":"https:\/\/schema.org","@graph":[{"@type":"WebPage","@id":"https:\/\/museusolsona.cat\/es\/exposicions-temporals\/previstes\/","url":"https:\/\/museusolsona.cat\/es\/exposicions-temporals\/previstes\/","name":"Exposiciones previstas - Museu de Solsona Dioces\u00e0 i Comarcal","isPartOf":{"@id":"https:\/\/museusolsona.cat\/es\/#website"},"primaryImageOfPage":{"@id":"https:\/\/museusolsona.cat\/es\/exposicions-temporals\/previstes\/#primaryimage"},"image":{"@id":"https:\/\/museusolsona.cat\/exposicions-temporals\/previstes\/#primaryimage"},"thumbnailUrl":"https:\/\/museusolsona.cat\/wp-content\/uploads\/2025\/03\/OK_online_cartell-OiM_MdS--scaled.jpg","datePublished":"2014-11-25T10:14:58+00:00","dateModified":"2025-09-06T11:41:12+00:00","description":"Del 10 d'abril al 4 de juliol, el museu solson\u00ed convida a experimentar amb els processos de creaci\u00f3 de Mir\u00f3 aportant una nova perspectiva d'interpretaci\u00f3 basada en la relaci\u00f3 de l'artista amb la pintura mural.","breadcrumb":{"@id":"https:\/\/museusolsona.cat\/es\/exposicions-temporals\/previstes\/#breadcrumb"},"inLanguage":"es","potentialAction":[{"@type":"ReadAction","target":[["https:\/\/museusolsona.cat\/es\/exposicions-temporals\/previstes\/"]]}]},{"@type":"ImageObject","inLanguage":"es","@id":"https:\/\/museusolsona.cat\/es\/exposicions-temporals\/previstes\/#primaryimage","url":"https:\/\/museusolsona.cat\/wp-content\/uploads\/2025\/03\/OK_online_cartell-OiM_MdS--scaled.jpg","contentUrl":"https:\/\/museusolsona.cat\/wp-content\/uploads\/2025\/03\/OK_online_cartell-OiM_MdS--scaled.jpg","width":1361,"height":2560},{"@type":"BreadcrumbList","@id":"https:\/\/museusolsona.cat\/es\/exposicions-temporals\/previstes\/#breadcrumb","itemListElement":[{"@type":"ListItem","position":1,"name":"Exposiciones temporales","item":"https:\/\/museusolsona.cat\/es\/exposicions-temporals\/"},{"@type":"ListItem","position":2,"name":"Exposicions previstes"}]},{"@type":"WebSite","@id":"https:\/\/museusolsona.cat\/es\/#website","url":"https:\/\/museusolsona.cat\/es\/","name":"Museu de Solsona Dioces\u00e0 i Comarcal","description":"","potentialAction":[{"@type":"SearchAction","target":{"@type":"EntryPoint","urlTemplate":"https:\/\/museusolsona.cat\/es\/?s={search_term_string}"},"query-input":{"@type":"PropertyValueSpecification","valueRequired":true,"valueName":"search_term_string"}}],"inLanguage":"es"}]}},"_links":{"self":[{"href":"https:\/\/museusolsona.cat\/es\/wp-json\/wp\/v2\/pages\/85","targetHints":{"allow":["GET"]}}],"collection":[{"href":"https:\/\/museusolsona.cat\/es\/wp-json\/wp\/v2\/pages"}],"about":[{"href":"https:\/\/museusolsona.cat\/es\/wp-json\/wp\/v2\/types\/page"}],"author":[{"embeddable":true,"href":"https:\/\/museusolsona.cat\/es\/wp-json\/wp\/v2\/users\/1"}],"replies":[{"embeddable":true,"href":"https:\/\/museusolsona.cat\/es\/wp-json\/wp\/v2\/comments?post=85"}],"version-history":[{"count":7,"href":"https:\/\/museusolsona.cat\/es\/wp-json\/wp\/v2\/pages\/85\/revisions"}],"predecessor-version":[{"id":8230,"href":"https:\/\/museusolsona.cat\/es\/wp-json\/wp\/v2\/pages\/85\/revisions\/8230"}],"up":[{"embeddable":true,"href":"https:\/\/museusolsona.cat\/es\/wp-json\/wp\/v2\/pages\/79"}],"wp:featuredmedia":[{"embeddable":true,"href":"https:\/\/museusolsona.cat\/es\/wp-json\/wp\/v2\/media\/7488"}],"wp:attachment":[{"href":"https:\/\/museusolsona.cat\/es\/wp-json\/wp\/v2\/media?parent=85"}],"curies":[{"name":"wp","href":"https:\/\/api.w.org\/{rel}","templated":true}]}}